{"id":113,"date":"2026-01-10T19:38:40","date_gmt":"2026-01-10T17:38:40","guid":{"rendered":"https:\/\/motto.sedu.fi\/?page_id=113"},"modified":"2026-02-11T15:41:48","modified_gmt":"2026-02-11T13:41:48","slug":"sedu","status":"publish","type":"page","link":"https:\/\/motto.sedu.fi\/index.php\/sedu\/","title":{"rendered":"Sedu"},"content":{"rendered":"\t\t<div data-elementor-type=\"wp-page\" data-elementor-id=\"113\" class=\"elementor elementor-113\">\n\t\t\t\t<div class=\"elementor-element elementor-element-1ecc007 e-flex e-con-boxed e-con e-parent\" data-id=\"1ecc007\" data-element_type=\"container\">\n\t\t\t\t\t<div class=\"e-con-inner\">\n\t\t\t\t<div class=\"elementor-element elementor-element-ffe7dac elementor-widget elementor-widget-image\" data-id=\"ffe7dac\" data-element_type=\"widget\" data-widget_type=\"image.default\">\n\t\t\t\t\t\t\t\t\t\t\t\t\t\t\t<img fetchpriority=\"high\" decoding=\"async\" width=\"425\" height=\"227\" src=\"https:\/\/motto.sedu.fi\/wp-content\/uploads\/2026\/01\/Sedu-musta.png\" class=\"attachment-large size-large wp-image-32\" alt=\"\" \/>\t\t\t\t\t\t\t\t\t\t\t\t\t\t\t<\/div>\n\t\t\t\t\t<\/div>\n\t\t\t\t<\/div>\n\t\t<div class=\"elementor-element elementor-element-1f70ff3 e-flex e-con-boxed e-con e-parent\" data-id=\"1f70ff3\" data-element_type=\"container\">\n\t\t\t\t\t<div class=\"e-con-inner\">\n\t\t<div class=\"elementor-element elementor-element-5826858 e-con-full e-flex e-con e-child\" data-id=\"5826858\" data-element_type=\"container\">\n\t\t\t\t<\/div>\n\t\t<div class=\"elementor-element elementor-element-b9796bf e-con-full e-flex e-con e-child\" data-id=\"b9796bf\" data-element_type=\"container\">\n\t\t\t\t<div class=\"elementor-element elementor-element-1fa4190 elementor-widget elementor-widget-text-editor\" data-id=\"1fa4190\" data-element_type=\"widget\" data-widget_type=\"text-editor.default\">\n\t\t\t\t\t\t\t\t\t<h2><span style=\"color: #000000;\"><b>MOTTO \u2013 Monialaisuutta Terveysteknologiaan Toiminnan ja Osaamisen kautta<\/b>&nbsp;<\/span><\/h2>\n<p>Haluatko vahvistaa osaamistasi tulevaisuuden terveysteknologian parissa ja kehitt\u00e4\u00e4 k\u00e4yt\u00e4nn\u00f6n taitojasi monialaisessa yhteisty\u00f6ss\u00e4?<\/p>\n<h3><span style=\"font-weight: 700;\">Mik\u00e4 on MOTTO?<\/span>&nbsp;<\/h3>\n<p>Hankkeen tavoitteena on kehitt\u00e4\u00e4 sotealan, liiketoiminnan sek\u00e4 tieto- ja viestint\u00e4tekniikan v\u00e4list\u00e4 monialaista yhteisty\u00f6t\u00e4, joka tukee alueen hoitohenkil\u00f6kunnan osaamistarpeita. MOTTO-hanke toteutetaan nelj\u00e4n oppilaitoksen (Sedu, TAI, Tredu ja Vamia) yhteisty\u00f6n\u00e4. Opiskelijana voit osallistua monimuotoisesti,&nbsp;joustavasti ty\u00f6n ohessa.<\/p>\n<p><span style=\"color: #000000;\">MOTTO-hanke tarjoaa ainutlaatuisen mahdollisuuden oppia ja verkostoitua nelj\u00e4n oppilaitoksen yhteisess\u00e4 koulutuksessa.&nbsp;<\/span>Ota hyvinvointi- ja terveysteknologia haltuun \u2013 opasta, kehit\u00e4 ja luo parempaa asiakaskokemusta!<\/p>\t\t\t\t\t\t\t\t<\/div>\n\t\t\t\t<div class=\"elementor-element elementor-element-b0ff74e elementor-widget elementor-widget-button\" data-id=\"b0ff74e\" data-element_type=\"widget\" data-widget_type=\"button.default\">\n\t\t\t\t\t\t\t\t\t\t<a class=\"elementor-button elementor-button-link elementor-size-sm\" href=\"https:\/\/moodle.sedu.fi\/course\/view.php?id=10137\">\n\t\t\t\t\t\t<span class=\"elementor-button-content-wrapper\">\n\t\t\t\t\t\t\t\t\t<span class=\"elementor-button-text\">Siirry kurssille<\/span>\n\t\t\t\t\t<\/span>\n\t\t\t\t\t<\/a>\n\t\t\t\t\t\t\t\t<\/div>\n\t\t\t\t<\/div>\n\t\t\t\t\t<\/div>\n\t\t\t\t<\/div>\n\t\t<div class=\"elementor-element elementor-element-70e215a e-flex e-con-boxed e-con e-parent\" data-id=\"70e215a\" data-element_type=\"container\">\n\t\t\t\t\t<div class=\"e-con-inner\">\n\t\t\t\t<div class=\"elementor-element elementor-element-6908819 elementor-widget elementor-widget-embedpress_pdf\" data-id=\"6908819\" data-element_type=\"widget\" data-widget_type=\"embedpress_pdf.default\">\n\t\t\t\t<div class=\"elementor-widget-container\">\n\t\t\t\t\t    <div class=\"embedpress-document-embed ep-doc-f5fa4fcd6ab9c903d7649f79e339d89c ose-document emebedpress-unit-percent \" data-thememode=\"default\" data-customcolor=\"\" data-toolbar=\"yes\" data-toolbar-position=\"top\" data-open=\"no\" data-presentation-mode=\"yes\" data-download=\"yes\" data-copy=\"yes\" data-add-image=\"\" data-rotate=\"\" data-details=\"\" data-id=\"embedpress-pdf-6908819\" data-selection-tool=\"0\" data-scrolling=\"0\" data-spreads=\"-1\" style=\" max-width:100%; display: inline-block\">\n\n        \n                <div >\n\n                    <div id=\"ep-elementor-content-6908819\" class=\"ep-elementor-content   ep-percentage-width   ep-content-protection-disabled\">\n                        <div id=\"6908819\" class=\"ep-embed-content-wraper\">\n                            <div><iframe title=\"esite\" class=\"embedpress-embed-document-pdf embedpress-pdf-6908819\" style=\"width: 100%!important;height: 1335px;; max-width:100%; display: inline-block\" src=\"https:\/\/motto.sedu.fi\/wp-admin\/admin-ajax.php?action=get_viewer&#038;file=https%3A%2F%2Fmotto.sedu.fi%2Fwp-content%2Fuploads%2F2026%2F02%2Fesite.pdf&#038;scrolling=0&#038;selection_tool=0&#038;spreads=-1#key=dGhlbWVNb2RlPWRlZmF1bHQmdG9vbGJhcj10cnVlJnBvc2l0aW9uPXRvcCZwcmVzZW50YXRpb249dHJ1ZSZsYXp5TG9hZD10cnVlJmRvd25sb2FkPXRydWUmY29weV90ZXh0PXRydWUmYWRkX3RleHQ9ZmFsc2UmZHJhdz10cnVlJmFkZF9pbWFnZT1mYWxzZSZwZGZfcm90YXRpb249ZmFsc2UmcGRmX2RldGFpbHM9ZmFsc2Umem9vbV9pbj10cnVlJnpvb21fb3V0PXRydWUmZml0X3ZpZXc9dHJ1ZSZib29rbWFyaz10cnVlJnNvdW5kPXRydWUmZmxpcGJvb2tfdG9vbGJhcl9wb3NpdGlvbj1ib3R0b20mc2VsZWN0aW9uX3Rvb2w9MCZzY3JvbGxpbmc9MCZzcHJlYWRzPS0xJmlzX3Byb19hY3RpdmU9MA==&#038;zoom=auto\" class=\"embedpress-embed-document-pdf embedpress-pdf-6908819\" data-emid=\"embedpress-pdf-6908819\" data-embed-type=\"PDF\" frameborder=\"0\"><\/iframe><\/div>                        <\/div>\n\n                    <\/div>\n\n\n                   \n                <\/div>\n            \n    <\/div>\n\n\t\t\t\t<\/div>\n\t\t\t\t<\/div>\n\t\t\t\t\t<\/div>\n\t\t\t\t<\/div>\n\t\t\t\t<\/div>\n\t\t","protected":false},"excerpt":{"rendered":"<p>MOTTO \u2013 Monialaisuutta Terveysteknologiaan Toiminnan ja Osaamisen kautta&nbsp; Haluatko vahvistaa osaamistasi tulevaisuuden terveysteknologian parissa ja kehitt\u00e4\u00e4 k\u00e4yt\u00e4nn\u00f6n taitojasi monialaisessa yhteisty\u00f6ss\u00e4? Mik\u00e4 on MOTTO?&nbsp; Hankkeen tavoitteena on kehitt\u00e4\u00e4 sotealan, liiketoiminnan sek\u00e4 tieto- ja viestint\u00e4tekniikan v\u00e4list\u00e4 monialaista yhteisty\u00f6t\u00e4, joka tukee alueen hoitohenkil\u00f6kunnan osaamistarpeita. MOTTO-hanke toteutetaan nelj\u00e4n oppilaitoksen (Sedu, TAI, Tredu ja Vamia) yhteisty\u00f6n\u00e4. Opiskelijana voit osallistua monimuotoisesti,&nbsp;joustavasti&#8230;<\/p>\n","protected":false},"author":1,"featured_media":0,"parent":0,"menu_order":1,"comment_status":"closed","ping_status":"closed","template":"elementor_canvas","meta":{"footnotes":""},"class_list":["post-113","page","type-page","status-publish","hentry"],"_links":{"self":[{"href":"https:\/\/motto.sedu.fi\/index.php\/wp-json\/wp\/v2\/pages\/113","targetHints":{"allow":["GET"]}}],"collection":[{"href":"https:\/\/motto.sedu.fi\/index.php\/wp-json\/wp\/v2\/pages"}],"about":[{"href":"https:\/\/motto.sedu.fi\/index.php\/wp-json\/wp\/v2\/types\/page"}],"author":[{"embeddable":true,"href":"https:\/\/motto.sedu.fi\/index.php\/wp-json\/wp\/v2\/users\/1"}],"replies":[{"embeddable":true,"href":"https:\/\/motto.sedu.fi\/index.php\/wp-json\/wp\/v2\/comments?post=113"}],"version-history":[{"count":67,"href":"https:\/\/motto.sedu.fi\/index.php\/wp-json\/wp\/v2\/pages\/113\/revisions"}],"predecessor-version":[{"id":299,"href":"https:\/\/motto.sedu.fi\/index.php\/wp-json\/wp\/v2\/pages\/113\/revisions\/299"}],"wp:attachment":[{"href":"https:\/\/motto.sedu.fi\/index.php\/wp-json\/wp\/v2\/media?parent=113"}],"curies":[{"name":"wp","href":"https:\/\/api.w.org\/{rel}","templated":true}]}}